{"id":7715,"date":"2023-11-14T09:46:21","date_gmt":"2023-11-14T08:46:21","guid":{"rendered":"https:\/\/www.lamarcadeodin.com\/?page_id=7715"},"modified":"2024-02-26T20:56:38","modified_gmt":"2024-02-26T19:56:38","slug":"mark-of-odin","status":"publish","type":"page","link":"https:\/\/www.lamarcadeodin.com\/en\/mark-of-odin\/","title":{"rendered":"Mark of Odin"},"content":{"rendered":"\t\t<div data-elementor-type=\"wp-page\" data-elementor-id=\"7715\" class=\"elementor elementor-7715 elementor-4144\" data-elementor-post-type=\"page\">\n\t\t\t\t\t\t<section class=\"elementor-section elementor-top-section elementor-element elementor-element-6ea3a4f elementor-section-stretched elementor-section-boxed elementor-section-height-default elementor-section-height-default\" data-id=\"6ea3a4f\" data-element_type=\"section\" data-e-type=\"section\" data-settings=\"{&quot;background_background&quot;:&quot;classic&quot;,&quot;stretch_section&quot;:&quot;section-stretched&quot;}\">\n\t\t\t\t\t\t<div class=\"elementor-container elementor-column-gap-default\">\n\t\t\t\t\t<div class=\"elementor-column elementor-col-100 elementor-top-column elementor-element elementor-element-9553ab7\" data-id=\"9553ab7\" data-element_type=\"column\" data-e-type=\"column\">\n\t\t\t<div class=\"elementor-widget-wrap elementor-element-populated\">\n\t\t\t\t\t\t<div class=\"elementor-element elementor-element-cae27a6 elementor-widget elementor-widget-heading\" data-id=\"cae27a6\" data-element_type=\"widget\" data-e-type=\"widget\" data-widget_type=\"heading.default\">\n\t\t\t\t<div class=\"elementor-widget-container\">\n\t\t\t\t\t<h1 class=\"elementor-heading-title elementor-size-default\">Mark of Odin<\/h1>\t\t\t\t<\/div>\n\t\t\t\t<\/div>\n\t\t\t\t\t<\/div>\n\t\t<\/div>\n\t\t\t\t\t<\/div>\n\t\t<\/section>\n\t\t\t\t<section class=\"elementor-section elementor-top-section elementor-element elementor-element-9a38c45 elementor-section-boxed elementor-section-height-default elementor-section-height-default\" data-id=\"9a38c45\" data-element_type=\"section\" data-e-type=\"section\">\n\t\t\t\t\t\t<div class=\"elementor-container elementor-column-gap-default\">\n\t\t\t\t\t<div class=\"elementor-column elementor-col-100 elementor-top-column elementor-element elementor-element-dd317d6\" data-id=\"dd317d6\" data-element_type=\"column\" data-e-type=\"column\">\n\t\t\t<div class=\"elementor-widget-wrap elementor-element-populated\">\n\t\t\t\t\t\t<div class=\"elementor-element elementor-element-f5723f6 elementor-widget elementor-widget-image\" data-id=\"f5723f6\" data-element_type=\"widget\" data-e-type=\"widget\" data-widget_type=\"image.default\">\n\t\t\t\t<div class=\"elementor-widget-container\">\n\t\t\t\t\t\t\t\t\t\t\t\t\t\t\t<img fetchpriority=\"high\" decoding=\"async\" width=\"2250\" height=\"375\" src=\"https:\/\/www.lamarcadeodin.com\/wp-content\/uploads\/portadasdelmdox9-2250x375-2.jpg\" class=\"attachment-large size-large wp-image-7192\" alt=\"Saga de La marca de Od\u00edn\" srcset=\"https:\/\/www.lamarcadeodin.com\/wp-content\/uploads\/portadasdelmdox9-2250x375-2.jpg 2250w, https:\/\/www.lamarcadeodin.com\/wp-content\/uploads\/portadasdelmdox9-2250x375-2-768x128.jpg 768w, https:\/\/www.lamarcadeodin.com\/wp-content\/uploads\/portadasdelmdox9-2250x375-2-1536x256.jpg 1536w, https:\/\/www.lamarcadeodin.com\/wp-content\/uploads\/portadasdelmdox9-2250x375-2-2048x341.jpg 2048w, https:\/\/www.lamarcadeodin.com\/wp-content\/uploads\/portadasdelmdox9-2250x375-2-50x8.jpg 50w, https:\/\/www.lamarcadeodin.com\/wp-content\/uploads\/portadasdelmdox9-2250x375-2-100x17.jpg 100w, https:\/\/www.lamarcadeodin.com\/wp-content\/uploads\/portadasdelmdox9-2250x375-2-600x100.jpg 600w\" sizes=\"100vw\" \/>\t\t\t\t\t\t\t\t\t\t\t\t\t\t\t<\/div>\n\t\t\t\t<\/div>\n\t\t\t\t<div class=\"elementor-element elementor-element-4966cba elementor-widget elementor-widget-text-editor\" data-id=\"4966cba\" data-element_type=\"widget\" data-e-type=\"widget\" data-widget_type=\"text-editor.default\">\n\t\t\t\t<div class=\"elementor-widget-container\">\n\t\t\t\t\t\t\t\t\t<p>The writer <strong>Xavier Marc\u00e9<\/strong> began designing the <strong>Mark of Odin<\/strong> book series in 2005-2006, publishing its first book in Spanish, <strong>The Awakening<\/strong>, in July 2012. Since then he has published the next two books in the saga, as well as several bonus chapters and dozens of extended stories.<\/p><p>Since 2012, <strong>Mark of Odin<\/strong> saga has managed to seduce <strong>more than 160,000 readers<\/strong> around the world and has remained at the top of the science fiction and Norse mythology rankings on the main digital platforms.<\/p>\t\t\t\t\t\t\t\t<\/div>\n\t\t\t\t<\/div>\n\t\t\t\t<div class=\"elementor-element elementor-element-c419a97 elementor-widget elementor-widget-video\" data-id=\"c419a97\" data-element_type=\"widget\" data-e-type=\"widget\" data-settings=\"{&quot;youtube_url&quot;:&quot;https:\\\/\\\/www.youtube.com\\\/watch?v=JWBSrFMP_Vw&quot;,&quot;video_type&quot;:&quot;youtube&quot;,&quot;controls&quot;:&quot;yes&quot;}\" data-widget_type=\"video.default\">\n\t\t\t\t<div class=\"elementor-widget-container\">\n\t\t\t\t\t\t\t<div class=\"elementor-wrapper elementor-open-inline\">\n\t\t\t<div class=\"elementor-video\"><\/div>\t\t<\/div>\n\t\t\t\t\t\t<\/div>\n\t\t\t\t<\/div>\n\t\t\t\t\t<\/div>\n\t\t<\/div>\n\t\t\t\t\t<\/div>\n\t\t<\/section>\n\t\t\t\t<section class=\"elementor-section elementor-top-section elementor-element elementor-element-b8e8ad4 elementor-section-boxed elementor-section-height-default elementor-section-height-default\" data-id=\"b8e8ad4\" data-element_type=\"section\" data-e-type=\"section\">\n\t\t\t\t\t\t<div class=\"elementor-container elementor-column-gap-default\">\n\t\t\t\t\t<div class=\"elementor-column elementor-col-100 elementor-top-column elementor-element elementor-element-aca91d9\" data-id=\"aca91d9\" data-element_type=\"column\" data-e-type=\"column\">\n\t\t\t<div class=\"elementor-widget-wrap elementor-element-populated\">\n\t\t\t\t\t\t<div class=\"elementor-element elementor-element-6b01a50 elementor-widget elementor-widget-text-editor\" data-id=\"6b01a50\" data-element_type=\"widget\" data-e-type=\"widget\" data-widget_type=\"text-editor.default\">\n\t\t\t\t<div class=\"elementor-widget-container\">\n\t\t\t\t\t\t\t\t\t<p>The <strong>Mark of Odin<\/strong> saga is much more than a series of books, it is a transmedia universe that continues to grow after completing the reading of each novel. On our portal, registered readers will be able to indicate that they have completed the reading to earn exclusive achievements.<\/p><p>By doing so they will gain access to the <strong>Extended Universe<\/strong>, with which they can enjoy bonus chapters and extended stories that connect the events of each book. In short, readers will be able to savor &#8220;<strong>literary tapas<\/strong>&#8221; seasoned with transmedia content, to continue enjoying the story while waiting for the next book.<\/p><p>Currently, the <strong>Extended Universe<\/strong> represents more than 500 pages of additional story to the included in the three published books.<\/p><p>The <strong>Mark of Odin<\/strong> saga is part of the <strong>1st Line<\/strong> of the <strong>XaviVerso<\/strong>, the literary universe of author <strong>Xavier Marc\u00e9<\/strong> where everything is connected.<\/p>\t\t\t\t\t\t\t\t<\/div>\n\t\t\t\t<\/div>\n\t\t\t\t\t<\/div>\n\t\t<\/div>\n\t\t\t\t\t<\/div>\n\t\t<\/section>\n\t\t\t\t<section class=\"elementor-section elementor-top-section elementor-element elementor-element-d8468d1 elementor-section-boxed elementor-section-height-default elementor-section-height-default\" data-id=\"d8468d1\" data-element_type=\"section\" data-e-type=\"section\">\n\t\t\t\t\t\t<div class=\"elementor-container elementor-column-gap-default\">\n\t\t\t\t\t<div class=\"elementor-column elementor-col-100 elementor-top-column elementor-element elementor-element-334ae15\" data-id=\"334ae15\" data-element_type=\"column\" data-e-type=\"column\">\n\t\t\t<div class=\"elementor-widget-wrap elementor-element-populated\">\n\t\t\t\t\t\t<div class=\"elementor-element elementor-element-bef425e elementor-widget elementor-widget-heading\" data-id=\"bef425e\" data-element_type=\"widget\" data-e-type=\"widget\" data-widget_type=\"heading.default\">\n\t\t\t\t<div class=\"elementor-widget-container\">\n\t\t\t\t\t<h2 class=\"elementor-heading-title elementor-size-default\">Discover the books<\/h2>\t\t\t\t<\/div>\n\t\t\t\t<\/div>\n\t\t\t\t<section class=\"elementor-section elementor-inner-section elementor-element elementor-element-b4208d6 elementor-section-boxed elementor-section-height-default elementor-section-height-default\" data-id=\"b4208d6\" data-element_type=\"section\" data-e-type=\"section\">\n\t\t\t\t\t\t<div class=\"elementor-container elementor-column-gap-default\">\n\t\t\t\t\t<div class=\"elementor-column elementor-col-33 elementor-inner-column elementor-element elementor-element-641d13f\" data-id=\"641d13f\" data-element_type=\"column\" data-e-type=\"column\">\n\t\t\t<div class=\"elementor-widget-wrap elementor-element-populated\">\n\t\t\t\t\t\t<div class=\"elementor-element elementor-element-5c64c9c elementor-cta--skin-cover elementor-cta--valign-bottom elementor-animated-content elementor-widget elementor-widget-call-to-action\" data-id=\"5c64c9c\" data-element_type=\"widget\" data-e-type=\"widget\" data-widget_type=\"call-to-action.default\">\n\t\t\t\t<div class=\"elementor-widget-container\">\n\t\t\t\t\t\t\t<a class=\"elementor-cta\" href=\"https:\/\/www.lamarcadeodin.com\/libros\/la-marca-de-odin-el-despertar\/\">\n\t\t\t\t\t<div class=\"elementor-cta__bg-wrapper\">\n\t\t\t\t<div class=\"elementor-cta__bg elementor-bg\" style=\"background-image: url(https:\/\/www.lamarcadeodin.com\/wp-content\/uploads\/markofodincover-2024-1500px.jpg);\" role=\"img\" aria-label=\"Mark of Odin: The Awakening\"><\/div>\n\t\t\t\t<div class=\"elementor-cta__bg-overlay\"><\/div>\n\t\t\t<\/div>\n\t\t\t\t\t\t\t<div class=\"elementor-cta__content\">\n\t\t\t\t\n\t\t\t\t\n\t\t\t\t\n\t\t\t\t\t\t\t\t\t<div class=\"elementor-cta__button-wrapper elementor-cta__content-item elementor-content-item elementor-animated-item--grow\">\n\t\t\t\t\t<span class=\"elementor-cta__button elementor-button elementor-size-\">\n\t\t\t\t\t\tDesc\u00fabrelo\t\t\t\t\t<\/span>\n\t\t\t\t\t<\/div>\n\t\t\t\t\t\t\t<\/div>\n\t\t\t\t\t\t<\/a>\n\t\t\t\t\t\t<\/div>\n\t\t\t\t<\/div>\n\t\t\t\t\t<\/div>\n\t\t<\/div>\n\t\t\t\t<div class=\"elementor-column elementor-col-33 elementor-inner-column elementor-element elementor-element-ec25892\" data-id=\"ec25892\" data-element_type=\"column\" data-e-type=\"column\">\n\t\t\t<div class=\"elementor-widget-wrap elementor-element-populated\">\n\t\t\t\t\t\t<div class=\"elementor-element elementor-element-ed91c94 elementor-cta--skin-cover elementor-cta--valign-bottom elementor-animated-content elementor-widget elementor-widget-call-to-action\" data-id=\"ed91c94\" data-element_type=\"widget\" data-e-type=\"widget\" data-widget_type=\"call-to-action.default\">\n\t\t\t\t<div class=\"elementor-widget-container\">\n\t\t\t\t\t\t\t<div class=\"elementor-cta\">\n\t\t\t\t\t<div class=\"elementor-cta__bg-wrapper\">\n\t\t\t\t<div class=\"elementor-cta__bg elementor-bg\" style=\"background-image: url(https:\/\/www.lamarcadeodin.com\/wp-content\/uploads\/LMDO-ECAV-Audiolibro-2023-1000px.jpg);\" role=\"img\" aria-label=\"La marca de Od\u00edn: El camino a Valhalla\"><\/div>\n\t\t\t\t<div class=\"elementor-cta__bg-overlay\"><\/div>\n\t\t\t<\/div>\n\t\t\t\t\t\t\t<div class=\"elementor-cta__content\">\n\t\t\t\t\n\t\t\t\t\n\t\t\t\t\n\t\t\t\t\t\t\t\t\t<div class=\"elementor-cta__button-wrapper elementor-cta__content-item elementor-content-item elementor-animated-item--grow\">\n\t\t\t\t\t<a class=\"elementor-cta__button elementor-button elementor-size-\">\n\t\t\t\t\t\tComing soon!\t\t\t\t\t<\/a>\n\t\t\t\t\t<\/div>\n\t\t\t\t\t\t\t<\/div>\n\t\t\t\t\t\t<\/div>\n\t\t\t\t\t\t<\/div>\n\t\t\t\t<\/div>\n\t\t\t\t\t<\/div>\n\t\t<\/div>\n\t\t\t\t<div class=\"elementor-column elementor-col-33 elementor-inner-column elementor-element elementor-element-3b638a4\" data-id=\"3b638a4\" data-element_type=\"column\" data-e-type=\"column\">\n\t\t\t<div class=\"elementor-widget-wrap elementor-element-populated\">\n\t\t\t\t\t\t<div class=\"elementor-element elementor-element-d7097e1 elementor-cta--skin-cover elementor-cta--valign-bottom elementor-animated-content elementor-widget elementor-widget-call-to-action\" data-id=\"d7097e1\" data-element_type=\"widget\" data-e-type=\"widget\" data-widget_type=\"call-to-action.default\">\n\t\t\t\t<div class=\"elementor-widget-container\">\n\t\t\t\t\t\t\t<div class=\"elementor-cta\">\n\t\t\t\t\t<div class=\"elementor-cta__bg-wrapper\">\n\t\t\t\t<div class=\"elementor-cta__bg elementor-bg\" style=\"background-image: url(https:\/\/www.lamarcadeodin.com\/wp-content\/uploads\/LMDO-Ragnarok-Audiolibro-2023-1000px.jpg);\" role=\"img\" aria-label=\"LMDO Ragnarok Audiolibro 2023 - 1000px\"><\/div>\n\t\t\t\t<div class=\"elementor-cta__bg-overlay\"><\/div>\n\t\t\t<\/div>\n\t\t\t\t\t\t\t<div class=\"elementor-cta__content\">\n\t\t\t\t\n\t\t\t\t\n\t\t\t\t\n\t\t\t\t\t\t\t\t\t<div class=\"elementor-cta__button-wrapper elementor-cta__content-item elementor-content-item elementor-animated-item--grow\">\n\t\t\t\t\t<a class=\"elementor-cta__button elementor-button elementor-size-\">\n\t\t\t\t\t\tComing soon!\t\t\t\t\t<\/a>\n\t\t\t\t\t<\/div>\n\t\t\t\t\t\t\t<\/div>\n\t\t\t\t\t\t<\/div>\n\t\t\t\t\t\t<\/div>\n\t\t\t\t<\/div>\n\t\t\t\t\t<\/div>\n\t\t<\/div>\n\t\t\t\t\t<\/div>\n\t\t<\/section>\n\t\t\t\t\t<\/div>\n\t\t<\/div>\n\t\t\t\t\t<\/div>\n\t\t<\/section>\n\t\t\t\t<\/div>\n\t\t","protected":false},"excerpt":{"rendered":"<p>The writer Xavier Marc\u00e9 began designing the Mark of Odin book series in 2005-2006, publishing its first book in Spanish, The Awakening, in July 2012. Since then he has published the next two books in the saga, as well as several bonus chapters and dozens of extended stories. Since 2012, Mark of Odin saga has [&hellip;]<\/p>\n","protected":false},"author":4,"featured_media":0,"parent":0,"menu_order":0,"comment_status":"closed","ping_status":"closed","template":"","meta":{"_acf_changed":false,"_bbp_topic_count":0,"_bbp_reply_count":0,"_bbp_total_topic_count":0,"_bbp_total_reply_count":0,"_bbp_voice_count":0,"_bbp_anonymous_reply_count":0,"_bbp_topic_count_hidden":0,"_bbp_reply_count_hidden":0,"_bbp_forum_subforum_count":0,"ngg_post_thumbnail":0,"_glsr_average":0,"_glsr_ranking":0,"_glsr_reviews":0,"footnotes":""},"class_list":["post-7715","page","type-page","status-publish","hentry"],"acf":[],"yoast_head":"<!-- This site is optimized with the Yoast SEO plugin v26.9 - https:\/\/yoast.com\/product\/yoast-seo-wordpress\/ -->\n<title>Mark of Odin - La Marca de Od\u00edn<\/title>\n<meta name=\"robots\" content=\"index, follow, max-snippet:-1, max-image-preview:large, max-video-preview:-1\" \/>\n<link rel=\"canonical\" href=\"https:\/\/www.lamarcadeodin.com\/la-marca-de-odin\/\" \/>\n<meta property=\"og:locale\" content=\"en_US\" \/>\n<meta property=\"og:type\" content=\"article\" \/>\n<meta property=\"og:title\" content=\"Mark of Odin - La Marca de Od\u00edn\" \/>\n<meta property=\"og:description\" content=\"The writer Xavier Marc\u00e9 began designing the Mark of Odin book series in 2005-2006, publishing its first book in Spanish, The Awakening, in July 2012. Since then he has published the next two books in the saga, as well as several bonus chapters and dozens of extended stories. Since 2012, Mark of Odin saga has [&hellip;]\" \/>\n<meta property=\"og:url\" content=\"https:\/\/www.lamarcadeodin.com\/la-marca-de-odin\/\" \/>\n<meta property=\"og:site_name\" content=\"La Marca de Od\u00edn\" \/>\n<meta property=\"article:publisher\" content=\"https:\/\/www.facebook.com\/xaviverso\/\" \/>\n<meta property=\"article:modified_time\" content=\"2024-02-26T19:56:38+00:00\" \/>\n<meta property=\"og:image\" content=\"https:\/\/www.lamarcadeodin.com\/wp-content\/uploads\/portadasdelmdox9-2250x375-2.jpg\" \/>\n<meta name=\"twitter:card\" content=\"summary_large_image\" \/>\n<meta name=\"twitter:site\" content=\"@ElXaviVerso\" \/>\n<meta name=\"twitter:label1\" content=\"Est. reading time\" \/>\n\t<meta name=\"twitter:data1\" content=\"1 minute\" \/>\n<script type=\"application\/ld+json\" class=\"yoast-schema-graph\">{\"@context\":\"https:\/\/schema.org\",\"@graph\":[{\"@type\":\"WebPage\",\"@id\":\"https:\/\/www.lamarcadeodin.com\/la-marca-de-odin\/\",\"url\":\"https:\/\/www.lamarcadeodin.com\/la-marca-de-odin\/\",\"name\":\"Mark of Odin - La Marca de Od\u00edn\",\"isPartOf\":{\"@id\":\"https:\/\/www.lamarcadeodin.com\/#website\"},\"primaryImageOfPage\":{\"@id\":\"https:\/\/www.lamarcadeodin.com\/la-marca-de-odin\/#primaryimage\"},\"image\":{\"@id\":\"https:\/\/www.lamarcadeodin.com\/la-marca-de-odin\/#primaryimage\"},\"thumbnailUrl\":\"https:\/\/www.lamarcadeodin.com\/wp-content\/uploads\/portadasdelmdox9-2250x375-2.jpg\",\"datePublished\":\"2023-11-14T08:46:21+00:00\",\"dateModified\":\"2024-02-26T19:56:38+00:00\",\"breadcrumb\":{\"@id\":\"https:\/\/www.lamarcadeodin.com\/la-marca-de-odin\/#breadcrumb\"},\"inLanguage\":\"en-US\",\"potentialAction\":[{\"@type\":\"ReadAction\",\"target\":[\"https:\/\/www.lamarcadeodin.com\/la-marca-de-odin\/\"]}]},{\"@type\":\"ImageObject\",\"inLanguage\":\"en-US\",\"@id\":\"https:\/\/www.lamarcadeodin.com\/la-marca-de-odin\/#primaryimage\",\"url\":\"https:\/\/www.lamarcadeodin.com\/wp-content\/uploads\/portadasdelmdox9-2250x375-2.jpg\",\"contentUrl\":\"https:\/\/www.lamarcadeodin.com\/wp-content\/uploads\/portadasdelmdox9-2250x375-2.jpg\"},{\"@type\":\"BreadcrumbList\",\"@id\":\"https:\/\/www.lamarcadeodin.com\/la-marca-de-odin\/#breadcrumb\",\"itemListElement\":[{\"@type\":\"ListItem\",\"position\":1,\"name\":\"Portada\",\"item\":\"https:\/\/www.lamarcadeodin.com\/en\/\"},{\"@type\":\"ListItem\",\"position\":2,\"name\":\"Mark of Odin\"}]},{\"@type\":\"WebSite\",\"@id\":\"https:\/\/www.lamarcadeodin.com\/#website\",\"url\":\"https:\/\/www.lamarcadeodin.com\/\",\"name\":\"La Marca de Od\u00edn\",\"description\":\"La saga literaria transmedia que fusiona actualidad con mitolog\u00eda n\u00f3rdica y ciencia ficci\u00f3n\",\"publisher\":{\"@id\":\"https:\/\/www.lamarcadeodin.com\/#organization\"},\"potentialAction\":[{\"@type\":\"SearchAction\",\"target\":{\"@type\":\"EntryPoint\",\"urlTemplate\":\"https:\/\/www.lamarcadeodin.com\/?s={search_term_string}\"},\"query-input\":{\"@type\":\"PropertyValueSpecification\",\"valueRequired\":true,\"valueName\":\"search_term_string\"}}],\"inLanguage\":\"en-US\"},{\"@type\":\"Organization\",\"@id\":\"https:\/\/www.lamarcadeodin.com\/#organization\",\"name\":\"La Marca de Od\u00edn\",\"url\":\"https:\/\/www.lamarcadeodin.com\/\",\"logo\":{\"@type\":\"ImageObject\",\"inLanguage\":\"en-US\",\"@id\":\"https:\/\/www.lamarcadeodin.com\/#\/schema\/logo\/image\/\",\"url\":\"https:\/\/www.lamarcadeodin.com\/wp-content\/uploads\/cropped-logolamarcadeodinconruna400x120.jpg\",\"contentUrl\":\"https:\/\/www.lamarcadeodin.com\/wp-content\/uploads\/cropped-logolamarcadeodinconruna400x120.jpg\",\"width\":400,\"height\":120,\"caption\":\"La Marca de Od\u00edn\"},\"image\":{\"@id\":\"https:\/\/www.lamarcadeodin.com\/#\/schema\/logo\/image\/\"},\"sameAs\":[\"https:\/\/www.facebook.com\/xaviverso\/\",\"https:\/\/x.com\/ElXaviVerso\",\"https:\/\/t.me\/xaviverso\",\"https:\/\/www.instagram.com\/elxaviverso\/\",\"https:\/\/whatsapp.com\/channel\/0029Va94LUA05MUfj4FmYU29\",\"https:\/\/www.youtube.com\/@XaviVerso\",\"https:\/\/www.tiktok.com\/@xaviverso\",\"https:\/\/www.twitch.tv\/xaviverso\"]}]}<\/script>\n<!-- \/ Yoast SEO plugin. -->","yoast_head_json":{"title":"Mark of Odin - La Marca de Od\u00edn","robots":{"index":"index","follow":"follow","max-snippet":"max-snippet:-1","max-image-preview":"max-image-preview:large","max-video-preview":"max-video-preview:-1"},"canonical":"https:\/\/www.lamarcadeodin.com\/la-marca-de-odin\/","og_locale":"en_US","og_type":"article","og_title":"Mark of Odin - La Marca de Od\u00edn","og_description":"The writer Xavier Marc\u00e9 began designing the Mark of Odin book series in 2005-2006, publishing its first book in Spanish, The Awakening, in July 2012. Since then he has published the next two books in the saga, as well as several bonus chapters and dozens of extended stories. Since 2012, Mark of Odin saga has [&hellip;]","og_url":"https:\/\/www.lamarcadeodin.com\/la-marca-de-odin\/","og_site_name":"La Marca de Od\u00edn","article_publisher":"https:\/\/www.facebook.com\/xaviverso\/","article_modified_time":"2024-02-26T19:56:38+00:00","og_image":[{"url":"https:\/\/www.lamarcadeodin.com\/wp-content\/uploads\/portadasdelmdox9-2250x375-2.jpg","type":"","width":"","height":""}],"twitter_card":"summary_large_image","twitter_site":"@ElXaviVerso","twitter_misc":{"Est. reading time":"1 minute"},"schema":{"@context":"https:\/\/schema.org","@graph":[{"@type":"WebPage","@id":"https:\/\/www.lamarcadeodin.com\/la-marca-de-odin\/","url":"https:\/\/www.lamarcadeodin.com\/la-marca-de-odin\/","name":"Mark of Odin - La Marca de Od\u00edn","isPartOf":{"@id":"https:\/\/www.lamarcadeodin.com\/#website"},"primaryImageOfPage":{"@id":"https:\/\/www.lamarcadeodin.com\/la-marca-de-odin\/#primaryimage"},"image":{"@id":"https:\/\/www.lamarcadeodin.com\/la-marca-de-odin\/#primaryimage"},"thumbnailUrl":"https:\/\/www.lamarcadeodin.com\/wp-content\/uploads\/portadasdelmdox9-2250x375-2.jpg","datePublished":"2023-11-14T08:46:21+00:00","dateModified":"2024-02-26T19:56:38+00:00","breadcrumb":{"@id":"https:\/\/www.lamarcadeodin.com\/la-marca-de-odin\/#breadcrumb"},"inLanguage":"en-US","potentialAction":[{"@type":"ReadAction","target":["https:\/\/www.lamarcadeodin.com\/la-marca-de-odin\/"]}]},{"@type":"ImageObject","inLanguage":"en-US","@id":"https:\/\/www.lamarcadeodin.com\/la-marca-de-odin\/#primaryimage","url":"https:\/\/www.lamarcadeodin.com\/wp-content\/uploads\/portadasdelmdox9-2250x375-2.jpg","contentUrl":"https:\/\/www.lamarcadeodin.com\/wp-content\/uploads\/portadasdelmdox9-2250x375-2.jpg"},{"@type":"BreadcrumbList","@id":"https:\/\/www.lamarcadeodin.com\/la-marca-de-odin\/#breadcrumb","itemListElement":[{"@type":"ListItem","position":1,"name":"Portada","item":"https:\/\/www.lamarcadeodin.com\/en\/"},{"@type":"ListItem","position":2,"name":"Mark of Odin"}]},{"@type":"WebSite","@id":"https:\/\/www.lamarcadeodin.com\/#website","url":"https:\/\/www.lamarcadeodin.com\/","name":"La Marca de Od\u00edn","description":"La saga literaria transmedia que fusiona actualidad con mitolog\u00eda n\u00f3rdica y ciencia ficci\u00f3n","publisher":{"@id":"https:\/\/www.lamarcadeodin.com\/#organization"},"potentialAction":[{"@type":"SearchAction","target":{"@type":"EntryPoint","urlTemplate":"https:\/\/www.lamarcadeodin.com\/?s={search_term_string}"},"query-input":{"@type":"PropertyValueSpecification","valueRequired":true,"valueName":"search_term_string"}}],"inLanguage":"en-US"},{"@type":"Organization","@id":"https:\/\/www.lamarcadeodin.com\/#organization","name":"La Marca de Od\u00edn","url":"https:\/\/www.lamarcadeodin.com\/","logo":{"@type":"ImageObject","inLanguage":"en-US","@id":"https:\/\/www.lamarcadeodin.com\/#\/schema\/logo\/image\/","url":"https:\/\/www.lamarcadeodin.com\/wp-content\/uploads\/cropped-logolamarcadeodinconruna400x120.jpg","contentUrl":"https:\/\/www.lamarcadeodin.com\/wp-content\/uploads\/cropped-logolamarcadeodinconruna400x120.jpg","width":400,"height":120,"caption":"La Marca de Od\u00edn"},"image":{"@id":"https:\/\/www.lamarcadeodin.com\/#\/schema\/logo\/image\/"},"sameAs":["https:\/\/www.facebook.com\/xaviverso\/","https:\/\/x.com\/ElXaviVerso","https:\/\/t.me\/xaviverso","https:\/\/www.instagram.com\/elxaviverso\/","https:\/\/whatsapp.com\/channel\/0029Va94LUA05MUfj4FmYU29","https:\/\/www.youtube.com\/@XaviVerso","https:\/\/www.tiktok.com\/@xaviverso","https:\/\/www.twitch.tv\/xaviverso"]}]}},"_links":{"self":[{"href":"https:\/\/www.lamarcadeodin.com\/en\/wp-json\/wp\/v2\/pages\/7715","targetHints":{"allow":["GET"]}}],"collection":[{"href":"https:\/\/www.lamarcadeodin.com\/en\/wp-json\/wp\/v2\/pages"}],"about":[{"href":"https:\/\/www.lamarcadeodin.com\/en\/wp-json\/wp\/v2\/types\/page"}],"author":[{"embeddable":true,"href":"https:\/\/www.lamarcadeodin.com\/en\/wp-json\/wp\/v2\/users\/4"}],"replies":[{"embeddable":true,"href":"https:\/\/www.lamarcadeodin.com\/en\/wp-json\/wp\/v2\/comments?post=7715"}],"version-history":[{"count":4,"href":"https:\/\/www.lamarcadeodin.com\/en\/wp-json\/wp\/v2\/pages\/7715\/revisions"}],"predecessor-version":[{"id":7719,"href":"https:\/\/www.lamarcadeodin.com\/en\/wp-json\/wp\/v2\/pages\/7715\/revisions\/7719"}],"wp:attachment":[{"href":"https:\/\/www.lamarcadeodin.com\/en\/wp-json\/wp\/v2\/media?parent=7715"}],"curies":[{"name":"wp","href":"https:\/\/api.w.org\/{rel}","templated":true}]}}