{"id":9986,"date":"2023-08-31T12:03:09","date_gmt":"2023-08-31T10:03:09","guid":{"rendered":"https:\/\/www.lamarcadeodin.com\/?page_id=9986"},"modified":"2025-09-22T15:31:16","modified_gmt":"2025-09-22T13:31:16","slug":"volume-3","status":"publish","type":"page","link":"https:\/\/www.lamarcadeodin.com\/en\/volume-3\/","title":{"rendered":"Volume 3"},"content":{"rendered":"\t\t<div data-elementor-type=\"wp-page\" data-elementor-id=\"9986\" class=\"elementor elementor-9986 elementor-357\" data-elementor-post-type=\"page\">\n\t\t\t\t\t\t<section class=\"elementor-section elementor-top-section elementor-element elementor-element-75ad62c elementor-section-stretched elementor-section-boxed elementor-section-height-default elementor-section-height-default\" data-id=\"75ad62c\" data-element_type=\"section\" data-e-type=\"section\" data-settings=\"{&quot;background_background&quot;:&quot;classic&quot;,&quot;stretch_section&quot;:&quot;section-stretched&quot;}\">\n\t\t\t\t\t\t<div class=\"elementor-container elementor-column-gap-default\">\n\t\t\t\t\t<div class=\"elementor-column elementor-col-100 elementor-top-column elementor-element elementor-element-0598d1d\" data-id=\"0598d1d\" data-element_type=\"column\" data-e-type=\"column\">\n\t\t\t<div class=\"elementor-widget-wrap elementor-element-populated\">\n\t\t\t\t\t\t<div class=\"elementor-element elementor-element-aa315b1 elementor-widget elementor-widget-heading\" data-id=\"aa315b1\" data-element_type=\"widget\" data-e-type=\"widget\" data-widget_type=\"heading.default\">\n\t\t\t\t<div class=\"elementor-widget-container\">\n\t\t\t\t\t<h1 class=\"elementor-heading-title elementor-size-default\">Volume 3<\/h1>\t\t\t\t<\/div>\n\t\t\t\t<\/div>\n\t\t\t\t\t<\/div>\n\t\t<\/div>\n\t\t\t\t\t<\/div>\n\t\t<\/section>\n\t\t\t\t<section class=\"elementor-section elementor-top-section elementor-element elementor-element-4ba7aca elementor-section-boxed elementor-section-height-default elementor-section-height-default\" data-id=\"4ba7aca\" data-element_type=\"section\" data-e-type=\"section\">\n\t\t\t\t\t\t<div class=\"elementor-container elementor-column-gap-default\">\n\t\t\t\t\t<div class=\"elementor-column elementor-col-25 elementor-top-column elementor-element elementor-element-fb93182\" data-id=\"fb93182\" data-element_type=\"column\" data-e-type=\"column\">\n\t\t\t<div class=\"elementor-widget-wrap\">\n\t\t\t\t\t\t\t<\/div>\n\t\t<\/div>\n\t\t\t\t<div class=\"elementor-column elementor-col-25 elementor-top-column elementor-element elementor-element-b7dbac9\" data-id=\"b7dbac9\" data-element_type=\"column\" data-e-type=\"column\">\n\t\t\t<div class=\"elementor-widget-wrap elementor-element-populated\">\n\t\t\t\t\t\t<div class=\"elementor-element elementor-element-f8dcfab elementor-widget elementor-widget-heading\" data-id=\"f8dcfab\" data-element_type=\"widget\" data-e-type=\"widget\" data-widget_type=\"heading.default\">\n\t\t\t\t<div class=\"elementor-widget-container\">\n\t\t\t\t\t<h3 class=\"elementor-heading-title elementor-size-default\">Personajes<\/h3>\t\t\t\t<\/div>\n\t\t\t\t<\/div>\n\t\t\t\t<div class=\"elementor-element elementor-element-aa2c3de elementor-widget-divider--view-line elementor-widget elementor-widget-divider\" data-id=\"aa2c3de\" data-element_type=\"widget\" data-e-type=\"widget\" data-widget_type=\"divider.default\">\n\t\t\t\t<div class=\"elementor-widget-container\">\n\t\t\t\t\t\t\t<div class=\"elementor-divider\">\n\t\t\t<span class=\"elementor-divider-separator\">\n\t\t\t\t\t\t<\/span>\n\t\t<\/div>\n\t\t\t\t\t\t<\/div>\n\t\t\t\t<\/div>\n\t\t\t\t<div class=\"elementor-element elementor-element-00d0ea0 elementor-widget elementor-widget-text-editor\" data-id=\"00d0ea0\" data-element_type=\"widget\" data-e-type=\"widget\" data-widget_type=\"text-editor.default\">\n\t\t\t\t<div class=\"elementor-widget-container\">\n\t\t\t\t\t\t\t\t\t<p>Relatos extendidos centrados en los principales personajes tras los sucesos de Ragnarok.<\/p>\t\t\t\t\t\t\t\t<\/div>\n\t\t\t\t<\/div>\n\t\t\t\t<div class=\"elementor-element elementor-element-422cca8 elementor-align-center elementor-widget elementor-widget-button\" data-id=\"422cca8\" data-element_type=\"widget\" data-e-type=\"widget\" data-widget_type=\"button.default\">\n\t\t\t\t<div class=\"elementor-widget-container\">\n\t\t\t\t\t\t\t\t\t<div class=\"elementor-button-wrapper\">\n\t\t\t\t\t<a class=\"elementor-button elementor-button-link elementor-size-sm\" href=\"https:\/\/www.lamarcadeodin.com\/?page_id=363\">\n\t\t\t\t\t\t<span class=\"elementor-button-content-wrapper\">\n\t\t\t\t\t\t\t\t\t<span class=\"elementor-button-text\">Ver todos los personajes<\/span>\n\t\t\t\t\t<\/span>\n\t\t\t\t\t<\/a>\n\t\t\t\t<\/div>\n\t\t\t\t\t\t\t\t<\/div>\n\t\t\t\t<\/div>\n\t\t\t\t\t<\/div>\n\t\t<\/div>\n\t\t\t\t<div class=\"elementor-column elementor-col-25 elementor-top-column elementor-element elementor-element-2acbc57\" data-id=\"2acbc57\" data-element_type=\"column\" data-e-type=\"column\">\n\t\t\t<div class=\"elementor-widget-wrap elementor-element-populated\">\n\t\t\t\t\t\t<div class=\"elementor-element elementor-element-97c97ec elementor-widget elementor-widget-heading\" data-id=\"97c97ec\" data-element_type=\"widget\" data-e-type=\"widget\" data-widget_type=\"heading.default\">\n\t\t\t\t<div class=\"elementor-widget-container\">\n\t\t\t\t\t<h3 class=\"elementor-heading-title elementor-size-default\">Cr\u00f3nicas<\/h3>\t\t\t\t<\/div>\n\t\t\t\t<\/div>\n\t\t\t\t<div class=\"elementor-element elementor-element-386c330 elementor-widget-divider--view-line elementor-widget elementor-widget-divider\" data-id=\"386c330\" data-element_type=\"widget\" data-e-type=\"widget\" data-widget_type=\"divider.default\">\n\t\t\t\t<div class=\"elementor-widget-container\">\n\t\t\t\t\t\t\t<div class=\"elementor-divider\">\n\t\t\t<span class=\"elementor-divider-separator\">\n\t\t\t\t\t\t<\/span>\n\t\t<\/div>\n\t\t\t\t\t\t<\/div>\n\t\t\t\t<\/div>\n\t\t\t\t<div class=\"elementor-element elementor-element-0e91a74 elementor-widget elementor-widget-text-editor\" data-id=\"0e91a74\" data-element_type=\"widget\" data-e-type=\"widget\" data-widget_type=\"text-editor.default\">\n\t\t\t\t<div class=\"elementor-widget-container\">\n\t\t\t\t\t\t\t\t\t<p>Cr\u00f3nicas period\u00edsticas que ayudan a dar contexto a todo lo sucedido tras Ragnarok.<\/p>\t\t\t\t\t\t\t\t<\/div>\n\t\t\t\t<\/div>\n\t\t\t\t<div class=\"elementor-element elementor-element-c589dde elementor-align-center elementor-widget elementor-widget-button\" data-id=\"c589dde\" data-element_type=\"widget\" data-e-type=\"widget\" data-widget_type=\"button.default\">\n\t\t\t\t<div class=\"elementor-widget-container\">\n\t\t\t\t\t\t\t\t\t<div class=\"elementor-button-wrapper\">\n\t\t\t\t\t<a class=\"elementor-button elementor-button-link elementor-size-sm\" href=\"https:\/\/www.lamarcadeodin.com\/cronicas-v-3\/\">\n\t\t\t\t\t\t<span class=\"elementor-button-content-wrapper\">\n\t\t\t\t\t\t\t\t\t<span class=\"elementor-button-text\">Ver todas las cr\u00f3nicas<\/span>\n\t\t\t\t\t<\/span>\n\t\t\t\t\t<\/a>\n\t\t\t\t<\/div>\n\t\t\t\t\t\t\t\t<\/div>\n\t\t\t\t<\/div>\n\t\t\t\t\t<\/div>\n\t\t<\/div>\n\t\t\t\t<div class=\"elementor-column elementor-col-25 elementor-top-column elementor-element elementor-element-59db0d4\" data-id=\"59db0d4\" data-element_type=\"column\" data-e-type=\"column\">\n\t\t\t<div class=\"elementor-widget-wrap\">\n\t\t\t\t\t\t\t<\/div>\n\t\t<\/div>\n\t\t\t\t\t<\/div>\n\t\t<\/section>\n\t\t\t\t<\/div>\n\t\t","protected":false},"excerpt":{"rendered":"","protected":false},"author":308,"featured_media":0,"parent":0,"menu_order":0,"comment_status":"closed","ping_status":"closed","template":"","meta":{"_acf_changed":false,"_bbp_topic_count":0,"_bbp_reply_count":0,"_bbp_total_topic_count":0,"_bbp_total_reply_count":0,"_bbp_voice_count":0,"_bbp_anonymous_reply_count":0,"_bbp_topic_count_hidden":0,"_bbp_reply_count_hidden":0,"_bbp_forum_subforum_count":0,"ngg_post_thumbnail":0,"_glsr_average":0,"_glsr_ranking":0,"_glsr_reviews":0,"footnotes":""},"class_list":["post-9986","page","type-page","status-publish","hentry"],"acf":[],"yoast_head":"<!-- This site is optimized with the Yoast SEO plugin v26.9 - https:\/\/yoast.com\/product\/yoast-seo-wordpress\/ -->\n<title>Volume 3 - La Marca de Od\u00edn<\/title>\n<meta name=\"robots\" content=\"index, follow, max-snippet:-1, max-image-preview:large, max-video-preview:-1\" \/>\n<link rel=\"canonical\" href=\"https:\/\/www.lamarcadeodin.com\/en\/volume-3\/\" \/>\n<meta property=\"og:locale\" content=\"en_US\" \/>\n<meta property=\"og:type\" content=\"article\" \/>\n<meta property=\"og:title\" content=\"Volume 3 - La Marca de Od\u00edn\" \/>\n<meta property=\"og:url\" content=\"https:\/\/www.lamarcadeodin.com\/en\/volume-3\/\" \/>\n<meta property=\"og:site_name\" content=\"La Marca de Od\u00edn\" \/>\n<meta property=\"article:publisher\" content=\"https:\/\/www.facebook.com\/xaviverso\/\" \/>\n<meta property=\"article:modified_time\" content=\"2025-09-22T13:31:16+00:00\" \/>\n<meta name=\"twitter:card\" content=\"summary_large_image\" \/>\n<meta name=\"twitter:site\" content=\"@ElXaviVerso\" \/>\n<script type=\"application\/ld+json\" class=\"yoast-schema-graph\">{\"@context\":\"https:\/\/schema.org\",\"@graph\":[{\"@type\":\"WebPage\",\"@id\":\"https:\/\/www.lamarcadeodin.com\/en\/volume-3\/\",\"url\":\"https:\/\/www.lamarcadeodin.com\/en\/volume-3\/\",\"name\":\"Volume 3 - La Marca de Od\u00edn\",\"isPartOf\":{\"@id\":\"https:\/\/www.lamarcadeodin.com\/#website\"},\"datePublished\":\"2023-08-31T10:03:09+00:00\",\"dateModified\":\"2025-09-22T13:31:16+00:00\",\"breadcrumb\":{\"@id\":\"https:\/\/www.lamarcadeodin.com\/en\/volume-3\/#breadcrumb\"},\"inLanguage\":\"en-US\",\"potentialAction\":[{\"@type\":\"ReadAction\",\"target\":[\"https:\/\/www.lamarcadeodin.com\/en\/volume-3\/\"]}]},{\"@type\":\"BreadcrumbList\",\"@id\":\"https:\/\/www.lamarcadeodin.com\/en\/volume-3\/#breadcrumb\",\"itemListElement\":[{\"@type\":\"ListItem\",\"position\":1,\"name\":\"Portada\",\"item\":\"https:\/\/www.lamarcadeodin.com\/en\/\"},{\"@type\":\"ListItem\",\"position\":2,\"name\":\"Volume 3\"}]},{\"@type\":\"WebSite\",\"@id\":\"https:\/\/www.lamarcadeodin.com\/#website\",\"url\":\"https:\/\/www.lamarcadeodin.com\/\",\"name\":\"La Marca de Od\u00edn\",\"description\":\"La saga literaria transmedia que fusiona actualidad con mitolog\u00eda n\u00f3rdica y ciencia ficci\u00f3n\",\"publisher\":{\"@id\":\"https:\/\/www.lamarcadeodin.com\/#organization\"},\"potentialAction\":[{\"@type\":\"SearchAction\",\"target\":{\"@type\":\"EntryPoint\",\"urlTemplate\":\"https:\/\/www.lamarcadeodin.com\/?s={search_term_string}\"},\"query-input\":{\"@type\":\"PropertyValueSpecification\",\"valueRequired\":true,\"valueName\":\"search_term_string\"}}],\"inLanguage\":\"en-US\"},{\"@type\":\"Organization\",\"@id\":\"https:\/\/www.lamarcadeodin.com\/#organization\",\"name\":\"La Marca de Od\u00edn\",\"url\":\"https:\/\/www.lamarcadeodin.com\/\",\"logo\":{\"@type\":\"ImageObject\",\"inLanguage\":\"en-US\",\"@id\":\"https:\/\/www.lamarcadeodin.com\/#\/schema\/logo\/image\/\",\"url\":\"https:\/\/www.lamarcadeodin.com\/wp-content\/uploads\/cropped-logolamarcadeodinconruna400x120.jpg\",\"contentUrl\":\"https:\/\/www.lamarcadeodin.com\/wp-content\/uploads\/cropped-logolamarcadeodinconruna400x120.jpg\",\"width\":400,\"height\":120,\"caption\":\"La Marca de Od\u00edn\"},\"image\":{\"@id\":\"https:\/\/www.lamarcadeodin.com\/#\/schema\/logo\/image\/\"},\"sameAs\":[\"https:\/\/www.facebook.com\/xaviverso\/\",\"https:\/\/x.com\/ElXaviVerso\",\"https:\/\/t.me\/xaviverso\",\"https:\/\/www.instagram.com\/elxaviverso\/\",\"https:\/\/whatsapp.com\/channel\/0029Va94LUA05MUfj4FmYU29\",\"https:\/\/www.youtube.com\/@XaviVerso\",\"https:\/\/www.tiktok.com\/@xaviverso\",\"https:\/\/www.twitch.tv\/xaviverso\"]}]}<\/script>\n<!-- \/ Yoast SEO plugin. -->","yoast_head_json":{"title":"Volume 3 - La Marca de Od\u00edn","robots":{"index":"index","follow":"follow","max-snippet":"max-snippet:-1","max-image-preview":"max-image-preview:large","max-video-preview":"max-video-preview:-1"},"canonical":"https:\/\/www.lamarcadeodin.com\/en\/volume-3\/","og_locale":"en_US","og_type":"article","og_title":"Volume 3 - La Marca de Od\u00edn","og_url":"https:\/\/www.lamarcadeodin.com\/en\/volume-3\/","og_site_name":"La Marca de Od\u00edn","article_publisher":"https:\/\/www.facebook.com\/xaviverso\/","article_modified_time":"2025-09-22T13:31:16+00:00","twitter_card":"summary_large_image","twitter_site":"@ElXaviVerso","schema":{"@context":"https:\/\/schema.org","@graph":[{"@type":"WebPage","@id":"https:\/\/www.lamarcadeodin.com\/en\/volume-3\/","url":"https:\/\/www.lamarcadeodin.com\/en\/volume-3\/","name":"Volume 3 - La Marca de Od\u00edn","isPartOf":{"@id":"https:\/\/www.lamarcadeodin.com\/#website"},"datePublished":"2023-08-31T10:03:09+00:00","dateModified":"2025-09-22T13:31:16+00:00","breadcrumb":{"@id":"https:\/\/www.lamarcadeodin.com\/en\/volume-3\/#breadcrumb"},"inLanguage":"en-US","potentialAction":[{"@type":"ReadAction","target":["https:\/\/www.lamarcadeodin.com\/en\/volume-3\/"]}]},{"@type":"BreadcrumbList","@id":"https:\/\/www.lamarcadeodin.com\/en\/volume-3\/#breadcrumb","itemListElement":[{"@type":"ListItem","position":1,"name":"Portada","item":"https:\/\/www.lamarcadeodin.com\/en\/"},{"@type":"ListItem","position":2,"name":"Volume 3"}]},{"@type":"WebSite","@id":"https:\/\/www.lamarcadeodin.com\/#website","url":"https:\/\/www.lamarcadeodin.com\/","name":"La Marca de Od\u00edn","description":"La saga literaria transmedia que fusiona actualidad con mitolog\u00eda n\u00f3rdica y ciencia ficci\u00f3n","publisher":{"@id":"https:\/\/www.lamarcadeodin.com\/#organization"},"potentialAction":[{"@type":"SearchAction","target":{"@type":"EntryPoint","urlTemplate":"https:\/\/www.lamarcadeodin.com\/?s={search_term_string}"},"query-input":{"@type":"PropertyValueSpecification","valueRequired":true,"valueName":"search_term_string"}}],"inLanguage":"en-US"},{"@type":"Organization","@id":"https:\/\/www.lamarcadeodin.com\/#organization","name":"La Marca de Od\u00edn","url":"https:\/\/www.lamarcadeodin.com\/","logo":{"@type":"ImageObject","inLanguage":"en-US","@id":"https:\/\/www.lamarcadeodin.com\/#\/schema\/logo\/image\/","url":"https:\/\/www.lamarcadeodin.com\/wp-content\/uploads\/cropped-logolamarcadeodinconruna400x120.jpg","contentUrl":"https:\/\/www.lamarcadeodin.com\/wp-content\/uploads\/cropped-logolamarcadeodinconruna400x120.jpg","width":400,"height":120,"caption":"La Marca de Od\u00edn"},"image":{"@id":"https:\/\/www.lamarcadeodin.com\/#\/schema\/logo\/image\/"},"sameAs":["https:\/\/www.facebook.com\/xaviverso\/","https:\/\/x.com\/ElXaviVerso","https:\/\/t.me\/xaviverso","https:\/\/www.instagram.com\/elxaviverso\/","https:\/\/whatsapp.com\/channel\/0029Va94LUA05MUfj4FmYU29","https:\/\/www.youtube.com\/@XaviVerso","https:\/\/www.tiktok.com\/@xaviverso","https:\/\/www.twitch.tv\/xaviverso"]}]}},"_links":{"self":[{"href":"https:\/\/www.lamarcadeodin.com\/en\/wp-json\/wp\/v2\/pages\/9986","targetHints":{"allow":["GET"]}}],"collection":[{"href":"https:\/\/www.lamarcadeodin.com\/en\/wp-json\/wp\/v2\/pages"}],"about":[{"href":"https:\/\/www.lamarcadeodin.com\/en\/wp-json\/wp\/v2\/types\/page"}],"author":[{"embeddable":true,"href":"https:\/\/www.lamarcadeodin.com\/en\/wp-json\/wp\/v2\/users\/308"}],"replies":[{"embeddable":true,"href":"https:\/\/www.lamarcadeodin.com\/en\/wp-json\/wp\/v2\/comments?post=9986"}],"version-history":[{"count":1,"href":"https:\/\/www.lamarcadeodin.com\/en\/wp-json\/wp\/v2\/pages\/9986\/revisions"}],"predecessor-version":[{"id":9987,"href":"https:\/\/www.lamarcadeodin.com\/en\/wp-json\/wp\/v2\/pages\/9986\/revisions\/9987"}],"wp:attachment":[{"href":"https:\/\/www.lamarcadeodin.com\/en\/wp-json\/wp\/v2\/media?parent=9986"}],"curies":[{"name":"wp","href":"https:\/\/api.w.org\/{rel}","templated":true}]}}